{"id":682,"date":"2025-12-12T05:00:44","date_gmt":"2025-12-12T04:00:44","guid":{"rendered":"http:\/\/de.massoth.de\/?post_type=product&#038;p=682"},"modified":"2025-12-13T22:44:11","modified_gmt":"2025-12-13T21:44:11","slug":"8137501","status":"publish","type":"product","link":"https:\/\/www.massoth.de\/en\/product\/8137501\/","title":{"rendered":"8137501 DiMAX 1202B Digital Booster"},"content":{"rendered":"<p>Der DiMAX 1202B Digitalbooster ist ein moderner und leistungsf\u00e4higer Digitalbooster. Mit zwei separaten Leistungsendstufen mit je 6 Ampere Fahrstrom bietet er ausreichend Reserven f\u00fcr 2 zus\u00e4tzliche Gleisabschnitte auf der Modellbahnanlage. Sollten die 6 Ampere je Gleisabschnitt nicht ausreichen, so k\u00f6nnen beide Endstufen ausgangsseitig zu einer Leistungsendstufe mit 12 Ampere zusammengeschaltet werden. Die Gleisspannung kann in 5 Schritten eingestellt werden: 14, 16, 18, 20, und 22 Volt. F\u00fcr die Spannungsversorgung wird ein Schaltnetzteil mit 18-24 Volt (DC) und ausreichend Leistung (mind. 12A) ben\u00f6tigt, z.B. das DiMAX 1200T Schaltnetzteil (8135501) mit bis zu 15 Ampere Spitzenleistung. Alle gew\u00fcnschten Einstellungen werden mit einfach zu bedienenden Tastern auf der Frontseite des Boosters eingestellt. Eine \u00fcbersichtliche LED-Anzeige zeigt die aktuellen Einstellungen sowie den Betriebszustand an.<\/p>\n<p>&nbsp;<\/p>\n<p>Mit den unterschiedlichen Anschlussm\u00f6glichkeiten ist der Booster f\u00fcr die meisten Digitalsysteme einsetzbar:<\/p>\n<ul>\n<li>Boosterbusbuchse zum Anschluss an Massoth \/ DiMAX Digitalzentralen<\/li>\n<li>Boosterbusbuchse zum Anschluss an LGB MZS II und III Digitalzentralen<\/li>\n<li>C-D-E-Klemme (z.B. f\u00fcr Lenz, Tams, usw.)<\/li>\n<li>M\u00e4rklin CAN* (zum Betrieb an M\u00e4rklin CS 2 \/ CS 3) <strong>ist ab Baujahr 2019 vollintegriert (Neuheit 2019)<\/strong><\/li>\n<li>direkter Gleissignalabgriff \u00fcber die Klemme C, D f\u00fcr alle Digitalzentralen die keinen verwendbaren Boosterbus zu Verf\u00fcgung stellen<\/li>\n<\/ul>\n<p>Er kann unabh\u00e4ngig vom Datenformat eingesetzt werden und daher neben NMRA\/DCC zum Beispiel auch mit Motorola, Selectrix, etc. betrieben werden. Der Booster unterst\u00fctzt folgende Betriebsmodi:<\/p>\n<ul>\n<li>normaler Fahrbetrieb\/Boostermodus<\/li>\n<li>Bremsboosterfunktion mit aktiver Funktionsbefehlsdurchleitung<\/li>\n<li>RailCom<\/li>\n<li>M\u00e4rklin CAN \/ MfX*<\/li>\n<\/ul>\n<p>* Der Booster kann an der M\u00e4rklin CS II \/ III Central Station als Fahrbooster betrieben werden. Das passende Anschlusskabel\u00a0<a href=\"https:\/\/www.massoth.de\/produkt\/8312086\"><strong>8312086 DiMAX Booster CAN-Bus Kabel f\u00fcr M\u00e4rklin CS<\/strong><\/a> ist nicht im Lieferumfang enthalten. Die MfX-R\u00fcckmeldung ist zum aktuellen Zeitpunkt noch nicht verf\u00fcgbar und soll zu einem sp\u00e4teren Zeitpunkt mit einem Zusatzmodul nachger\u00fcstet werden.<\/p>\n<p>&nbsp;<\/p>\n","protected":false},"excerpt":{"rendered":"<p>The DiMAX 1202B Digital Booster is a powerful state-of-the-art Booster. Two seperate power outlets feature 6 amps each offering enough power for two seperate track sections on a model train layout.The DiMAX 1202B Digital Booster is a powerful state-of-the-art Booster. Two seperate power outlets feature 6 amps each offering enough power for two seperate track sections on a model train layout.<\/p>\n","protected":false},"featured_media":683,"template":"","meta":{"_links_to":"","_links_to_target":""},"product_cat":[19],"product_tag":[],"_links":{"self":[{"href":"https:\/\/www.massoth.de\/en\/wp-json\/wp\/v2\/product\/682"}],"collection":[{"href":"https:\/\/www.massoth.de\/en\/wp-json\/wp\/v2\/product"}],"about":[{"href":"https:\/\/www.massoth.de\/en\/wp-json\/wp\/v2\/types\/product"}],"wp:featuredmedia":[{"embeddable":true,"href":"https:\/\/www.massoth.de\/en\/wp-json\/wp\/v2\/media\/683"}],"wp:attachment":[{"href":"https:\/\/www.massoth.de\/en\/wp-json\/wp\/v2\/media?parent=682"}],"wp:term":[{"taxonomy":"product_cat","embeddable":true,"href":"https:\/\/www.massoth.de\/en\/wp-json\/wp\/v2\/product_cat?post=682"},{"taxonomy":"product_tag","embeddable":true,"href":"https:\/\/www.massoth.de\/en\/wp-json\/wp\/v2\/product_tag?post=682"}],"curies":[{"name":"wp","href":"https:\/\/api.w.org\/{rel}","templated":true}]}}