{"id":866,"date":"2018-03-02T10:50:58","date_gmt":"2018-03-02T10:50:58","guid":{"rendered":"http:\/\/de.massoth.de\/?post_type=product&#038;p=866"},"modified":"2022-10-27T09:51:47","modified_gmt":"2022-10-27T07:51:47","slug":"8133701","status":"publish","type":"product","link":"https:\/\/www.massoth.de\/en\/product\/8133701\/","title":{"rendered":"8133701 DiMAX Feedback Transmitter EU"},"content":{"rendered":"<p>Why wire the Feedbackmodules all over your garden layout? This retrofit Transmitter will fit into the DiMAX Feedbackmodule 8170001 and send all feedback information wireless to your DiMAX Receiver. Just plug-in the dimax retrofit feedback-transmitter in your existing feedback module. RC configuration is done by cv programming. A simple software update may be required to enable rc operation.Why wire the Feedbackmodules all over your garden layout? This retrofit Transmitter will fit into the DiMAX Feedbackmodule 8170001 and send all feedback information wireless to your DiMAX Receiver. Just plug-in the dimax retrofit feedback-transmitter in your existing feedback module. RC configuration is done by cv programming. A simple software update may be required to enable rc operation.Why wire the Feedbackmodules all over your garden layout? This retrofit Transmitter will fit into the DiMAX Feedbackmodule 8170001 and send all feedback information wireless to your DiMAX Receiver. Just plug-in the dimax retrofit feedback-transmitter in your existing feedback module. RC configuration is done by cv programming. A simple software update may be required to enable rc operation.Why wire the Feedbackmodules all over your garden layout? This retrofit Transmitter will fit into the DiMAX Feedbackmodule 8170001 and send all feedback information wireless to your DiMAX Receiver. Just plug-in the dimax retrofit feedback-transmitter in your existing feedback module. RC configuration is done by cv programming. A simple software update may be required to enable rc operation.<\/p>","protected":false},"excerpt":{"rendered":"<p>R\u00fcckmeldesender zum Nachr\u00fcsten in ein DiMAX R\u00fcckmeldemodul zur kabelfreien R\u00fcckmeldung von der Anlage.<\/p>\n","protected":false},"featured_media":867,"template":"","meta":{"_links_to":"","_links_to_target":""},"product_cat":[58],"product_tag":[],"_links":{"self":[{"href":"https:\/\/www.massoth.de\/en\/wp-json\/wp\/v2\/product\/866"}],"collection":[{"href":"https:\/\/www.massoth.de\/en\/wp-json\/wp\/v2\/product"}],"about":[{"href":"https:\/\/www.massoth.de\/en\/wp-json\/wp\/v2\/types\/product"}],"wp:featuredmedia":[{"embeddable":true,"href":"https:\/\/www.massoth.de\/en\/wp-json\/wp\/v2\/media\/867"}],"wp:attachment":[{"href":"https:\/\/www.massoth.de\/en\/wp-json\/wp\/v2\/media?parent=866"}],"wp:term":[{"taxonomy":"product_cat","embeddable":true,"href":"https:\/\/www.massoth.de\/en\/wp-json\/wp\/v2\/product_cat?post=866"},{"taxonomy":"product_tag","embeddable":true,"href":"https:\/\/www.massoth.de\/en\/wp-json\/wp\/v2\/product_tag?post=866"}],"curies":[{"name":"wp","href":"https:\/\/api.w.org\/{rel}","templated":true}]}}